{"id":9,"date":"2023-07-23T14:22:09","date_gmt":"2023-07-23T12:22:09","guid":{"rendered":"https:\/\/newscameroun.com\/?page_id=9"},"modified":"2023-07-23T14:22:51","modified_gmt":"2023-07-23T12:22:51","slug":"5-sites-camerounais-a-suivre-en-2023","status":"publish","type":"page","link":"https:\/\/newscameroun.com\/","title":{"rendered":"5 sites camerounais \u00e0 suivre en 2023"},"content":{"rendered":"\n<p>Il y a tellement de sources d&rsquo;informations sur le football, et il est presque impossible de tout suivre tous. Donc, si vous souhaitez choisir une ou quelques sources pour obtenir les actualit\u00e9s sur le football, vous devez choisir celles en lesquelles vous pouvez avoir confiance.<\/p>\n\n\n\n<p>Vous ne savez pas quelles sources choisir ? D\u00e9couvrez notre liste des 5 sources d&rsquo;informations sur le football les plus fiables au Cameroun !<\/p>\n\n\n\n<h2 class=\"wp-block-heading\">Les nouvelles avec Actucameroun<\/h2>\n\n\n\n<p><a href=\"https:\/\/Actucameroun.com\">Actucameroun.com<\/a> est parmi les leaders des sites d\u2019actualit\u00e9 au Cameroun. Vous pouvez consulter toutes sortes de nouvelles sur leur site : la politique, la soci\u00e9t\u00e9, l\u2019\u00e9conomie, la sant\u00e9, bien s\u00fbr, le sport. Pour les amateurs de lire les actus avec les t\u00e9l\u00e9phones mobiles, Actucameroun propose les applications mobiles disponibles sur Google Store et App Store.\u00a0<\/p>\n\n\n\n<p>Dans l&rsquo;ensemble, c&rsquo;est l&rsquo;une des sources d&rsquo;informations sur le football bas\u00e9es au Cameroun les plus connues qui offrent une couverture quotidienne des actualit\u00e9s les plus chaudes, y compris sur le football. Il m\u00e9rite vraiment d&rsquo;\u00eatre sur notre liste !<\/p>\n\n\n\n<h2 class=\"wp-block-heading\">La vie du pays avec le Journal du Cameroun<\/h2>\n\n\n\n<p>Le <a href=\"https:\/\/journalducameroun.com\">journalducameroun.com<\/a> est un site d\u2019actualit\u00e9 g\u00e9n\u00e9raliste fond\u00e9 en 2008. L\u2019entreprise diffuse les nouvelles sur le site Web, sur les r\u00e9seaux comme Facebook, Twitter et Youtube en fran\u00e7ais et en anglais \u00e0 la fois. Les rubriques couvertes :\u00a0 la politique, l\u2019eco, le business, la soci\u00e9t\u00e9, le sport, la culture, la sant\u00e9, les opinions, les personnalit\u00e9s, international. Comme on peut le voir, ce journal est vraiment un g\u00e9ant de nouvelles du pays. Les applications mobiles iOS et Android sont disponibles au t\u00e9l\u00e9chargement sur les t\u00e9l\u00e9phones.\u00a0<\/p>\n\n\n\n<p>Quant au sport, Journalducameroun couvre les nouvelles du monde du foot et pas seulement. Les fans du sport peuvent consulter des sujets comme : les \u00e9lections \u00e0 F\u00e9cafoot, les rumeurs autour de joueurs et clubs c\u00e9l\u00e8bres, les nouvelles sur les championnats \u00e0 venir, les interviews, les examens de matchs, et d\u2019autres trucs.&nbsp;<\/p>\n\n\n\n<p>C&rsquo;est certainement l&rsquo;une des meilleures sources de nouvelles bas\u00e9es au Cameroun, alors jetez un coup d&rsquo;\u0153il \u00e0 Journal Du Cameroun !<\/p>\n\n\n\n<h2 class=\"wp-block-heading\">Camfoot.com, le site pour de vrais supporters camerounais<\/h2>\n\n\n\n<p>L&rsquo;actualit\u00e9 sportive aujourd&rsquo;hui est comme une coquille de protection et d&rsquo;adaptation au milieu des \u00e9v\u00e9nements r\u00e9cents. <a href=\"https:\/\/camfoot.com\">Camfoot<\/a> ne propose que les nouvelles qui concernent le sport lui-m\u00eame pour que chacun puisse plonger dans ce monde merveilleux sans \u00eatre distrait.<\/p>\n\n\n\n<p>Camfoot est un site incontournable pour les amateurs de football au Cameroun. Le site Web fait un grand effort pour emmener les lecteurs dans les coulisses des plus grandes histoires de football dans le pays et dans le monde. Une grande chose \u00e0 propos de Camfoot est qu\u2019il propose une rubrique s\u00e9par\u00e9e sur l\u2019\u00e9quipe nationale \u00ab Les Lions en club \u00bb avec les nouvelles sur la vie de jours, les rumeurs, les interviews avec l&rsquo;entra\u00eeneur et les stars, etc.&nbsp; Ceci serait appr\u00e9ci\u00e9 par tout supporter de l\u2019\u00e9quipe camerounaise.&nbsp;<\/p>\n\n\n\n<h2 class=\"wp-block-heading\">Restez au courant du salaire de votre joueur pr\u00e9f\u00e9r\u00e9 avec Parimobile.cm<\/h2>\n\n\n\n<p>Le site Parimobile.cm offre aux lecteurs les derni\u00e8res nouvelles, pr\u00e9dictions et aper\u00e7us de bookmakers camerounais. C\u2019est une bonne source d&rsquo;informations sur le football les plus r\u00e9centes en 2023. L\u2019un des atouts du blog est qu&rsquo;ils parlent de tels sujets int\u00e9ressants que les salaires des meilleurs joueurs du foot dans le pays. En plus : les co\u00fbts de transferts, les nouvelles de mercatos, etc.&nbsp;<\/p>\n\n\n\n<p>On devrait mentionner \u00e9galement leurs avis sur les sites de paris sportifs camerounais. Ces articles comprennent les guides sur l\u2019installation des applications, sur l\u2019inscription et le retrait de gains. Les bonus frais et codes promotionnels gratuits sont aussi publi\u00e9s sur leur site.&nbsp;<\/p>\n\n\n\n<p>Lorsque les fondateurs Parimobile Cameroun ont commenc\u00e9 \u00e0 poursuivre leur passion pour le football, cela lui a valu de nombreux emplois afin de mener une \u00e9tude approfondie, visant \u00e0 permettre au blog de fournir aux lecteurs le meilleur contenu du monde du football. C&rsquo;est d\u00e9finitivement un site Web \u00e0 v\u00e9rifier !<\/p>\n\n\n\n<h2 class=\"wp-block-heading\">Toute l\u2019info au Cameroun par Camer.be<\/h2>\n\n\n\n<p>Encore une source avec les actualit\u00e9s diverses telles que la politique, religion, la sant\u00e9, la soci\u00e9t\u00e9, le sport. <a href=\"https:\/\/camer.be\">Camer.be<\/a> est un assez grand site d&rsquo;information au Cameroun, fond\u00e9 en 2005 et fournissant des informations de derni\u00e8re minute, des analyses, du sport, du divertissement et un style de vie sept jours sur sept. Ils offrent des reportages de qualit\u00e9 tout au long de la journ\u00e9e, brisant les nouvelles avec des histoires int\u00e9ressantes.<\/p>\n\n\n\n<p>Cependant le site devrait \u00eatre modernis\u00e9, car leur site est assez difficile \u00e0 naviguer \u00e0 cause de la pub superflue, les images d\u2019une qualit\u00e9 pas haute et le chargement incorrect certaines pages. Toutefois, il reste un site digne de confiance, leur rubrique sportive sera appr\u00e9ci\u00e9e par les fans de football.&nbsp;<\/p>\n","protected":false},"excerpt":{"rendered":"<p>Il y a tellement de sources d&rsquo;informations sur le football, et il est presque impossible de tout suivre tous. Donc, si vous souhaitez choisir une ou quelques sources pour obtenir les actualit\u00e9s sur le football, vous devez choisir celles en lesquelles vous pouvez avoir confiance. Vous ne savez pas quelles sources choisir ? D\u00e9couvrez notre [&hellip;]<\/p>\n","protected":false},"author":2,"featured_media":0,"parent":0,"menu_order":0,"comment_status":"closed","ping_status":"closed","template":"","meta":[],"_links":{"self":[{"href":"https:\/\/newscameroun.com\/index.php\/wp-json\/wp\/v2\/pages\/9"}],"collection":[{"href":"https:\/\/newscameroun.com\/index.php\/wp-json\/wp\/v2\/pages"}],"about":[{"href":"https:\/\/newscameroun.com\/index.php\/wp-json\/wp\/v2\/types\/page"}],"author":[{"embeddable":true,"href":"https:\/\/newscameroun.com\/index.php\/wp-json\/wp\/v2\/users\/2"}],"replies":[{"embeddable":true,"href":"https:\/\/newscameroun.com\/index.php\/wp-json\/wp\/v2\/comments?post=9"}],"version-history":[{"count":2,"href":"https:\/\/newscameroun.com\/index.php\/wp-json\/wp\/v2\/pages\/9\/revisions"}],"predecessor-version":[{"id":13,"href":"https:\/\/newscameroun.com\/index.php\/wp-json\/wp\/v2\/pages\/9\/revisions\/13"}],"wp:attachment":[{"href":"https:\/\/newscameroun.com\/index.php\/wp-json\/wp\/v2\/media?parent=9"}],"curies":[{"name":"wp","href":"https:\/\/api.w.org\/{rel}","templated":true}]}}